{"id":2017,"date":"2022-06-15T17:34:10","date_gmt":"2022-06-15T17:34:10","guid":{"rendered":"http:\/\/3.97.68.15\/?page_id=2017"},"modified":"2025-09-23T20:41:11","modified_gmt":"2025-09-23T20:41:11","slug":"puppy-application","status":"publish","type":"page","link":"https:\/\/arcadianewfs.com\/fr\/puppy-application\/","title":{"rendered":"Questionnaire"},"content":{"rendered":"<div class=\"fusion-fullwidth fullwidth-box fusion-builder-row-1 fusion-flex-container nonhundred-percent-fullwidth non-hundred-percent-height-scrolling\" style=\"background-color: rgba(255,255,255,0);background-position: center center;background-repeat: no-repeat;border-width: 0px 0px 0px 0px;border-color:#e2e2e2;border-style:solid;\" ><div class=\"fusion-builder-row fusion-row fusion-flex-align-items-flex-start\" style=\"max-width:104%;margin-left: calc(-4% \/ 2 );margin-right: calc(-4% \/ 2 );\"><div class=\"fusion-layout-column fusion_builder_column fusion-builder-column-0 fusion_builder_column_2_3 2_3 fusion-flex-column\"><div class=\"fusion-column-wrapper fusion-flex-justify-content-flex-start fusion-content-layout-column\" style=\"background-position:left top;background-repeat:no-repeat;-webkit-background-size:cover;-moz-background-size:cover;-o-background-size:cover;background-size:cover;padding: 0px 0px 0px 0px;\"><div class=\"fusion-text fusion-text-1\"><p style=\"text-align: justify;\">Si vous pensez que votre prochaine \u00e9tape est d'adopter un Terre-Neuve, s\u2019il vous plait remplissez mon questionnaire. Le questionnaire \u00e0 beaucoup de questions mais il m'aide \u00e0 savoir si le Terre-neuve est la bonne race pour vous.<\/p>\n<ul>\n<li><strong>En raison des nouvelles r\u00e9glementations du CDC, nous ne pouvons pas vendre de chiots de moins de 6 mois \u00e0 des familles r\u00e9sidant aux \u00c9tats-Unis.<\/strong><\/li>\n<\/ul>\n<\/div><div ><style>.fusion-button.button-1{border-color:#ffffff;border-radius:0px 0px 0px 0px;background:#482861;}.fusion-button.button-1 .fusion-button-text,.fusion-button.button-1 i,.fusion-button.button-1:hover .fusion-button-text,.fusion-button.button-1:hover i,.fusion-button.button-1:focus .fusion-button-text,.fusion-button.button-1:focus i,.fusion-button.button-1:active .fusion-button-text,.fusion-button.button-1:active i{color:#ffffff;}.fusion-button.button-1:hover,.fusion-button.button-1:active,.fusion-button.button-1:focus{border-color:#ffffff;background:#643b93;}<\/style><a class=\"fusion-button button-flat fusion-button-default-size button-custom button-1 fusion-button-default-span fusion-button-default-type\" target=\"_self\" href=\"https:\/\/form.jotform.com\/220846697031257\"><i class=\"fa-arrow-circle-right fas button-icon-left\" aria-hidden=\"true\"><\/i><span class=\"fusion-button-text\">Questionnaire<\/span><\/a><\/div><div class=\"fusion-text fusion-text-2\"><h3>Si vous avez soumis le questionnaire<\/h3>\n<\/div><div class=\"fusion-text fusion-text-3\"><p style=\"font-weight: 400; text-align: justify;\">Chez Arcadia, nous n'avons pas de liste d'attente officielle avant la naissance des chiots, mais nous ne vendons pas non plus au premier venu.\nLes chiots sont vendus aux familles dont les caract\u00e9ristiques r\u00e9pondent le mieux aux besoins individuels du chiot. Nous recherchons des clients qui prennent le temps de communiquer\navec nous et qui ne sont pas frustr\u00e9s par la lenteur du processus. Notre but premier reste le bien-\u00eatre de nos chiots. <strong>La liste d'attente \"officielle\" est ouverte lorsque les chiots sont n\u00e9s<\/strong>, et nous demandons aux personnes int\u00e9ress\u00e9s de communiquer avec nous sur une base r\u00e9guli\u00e8re pour nous parler de l'\u00e9volution de leur projet d'adoption d'un chiot et simplement pour nous d\u00e9montrer leur niveau d'int\u00e9r\u00eat. <strong>Donnez moi des nouvelles assez fr\u00e9quemment, si je n'ai pas re\u00e7u de courriel depuis plusieurs mois, je vais assumer que vous avez changer d'id\u00e9e.&nbsp;<\/strong><\/p>\n<p>I <span class=\"wixui-rich-text__text\">.<\/span> Je ne vends PAS mes chiots selon le principe du premier arriv\u00e9, premier servi. Je les place en fonction de ce que je ressens par rapport \u00e0 une maison ; s'ils sont pr\u00eats et communicatifs et s'ils prennent le temps de rester en contact avec nous.<\/p>\n<\/div><\/div><style type=\"text\/css\">.fusion-body .fusion-builder-column-0{width:66.666666666667% !important;margin-top : 0px;margin-bottom : 20px;}.fusion-builder-column-0 > .fusion-column-wrapper {padding-top : 0px !important;padding-right : 0px !important;margin-right : 2.88%;padding-bottom : 0px !important;padding-left : 0px !important;margin-left : 2.88%;}@media only screen and (max-width:1024px) {.fusion-body .fusion-builder-column-0{width:66.666666666667% !important;order : 0;}.fusion-builder-column-0 > .fusion-column-wrapper {margin-right : 2.88%;margin-left : 2.88%;}}@media only screen and (max-width:640px) {.fusion-body .fusion-builder-column-0{width:100% !important;order : 0;}.fusion-builder-column-0 > .fusion-column-wrapper {margin-right : 1.92%;margin-left : 1.92%;}}<\/style><\/div><div class=\"fusion-layout-column fusion_builder_column fusion-builder-column-1 fusion_builder_column_1_3 1_3 fusion-flex-column\"><div class=\"fusion-column-wrapper fusion-flex-justify-content-flex-start fusion-content-layout-column\" style=\"background-position:left top;background-repeat:no-repeat;-webkit-background-size:cover;-moz-background-size:cover;-o-background-size:cover;background-size:cover;padding: 0px 0px 0px 0px;\"><div ><style>.element-bottomshadow.imageframe-1:before, .element-bottomshadow.imageframe-1:after{-webkit-box-shadow: 0 17px 10px rgba(0,0,0,0.4);box-shadow: 0 17px 10px rgba(0,0,0,0.4);}<\/style><div class=\"awb-image-frame awb-image-frame-1 fusion-image-frame-bottomshadow image-frame-shadow-1\"><span class=\"fusion-imageframe imageframe-bottomshadow imageframe-1 element-bottomshadow hover-type-none fusion-animated\" data-animationtype=\"zoomInLeft\" data-animationduration=\"1.0\" data-animationoffset=\"top-into-view\"><img decoding=\"async\" width=\"640\" height=\"960\" title=\"42AB9496-895E-42FF-A266-C62B64A5AE11\" src=\"http:\/\/3.97.68.15\/wp-content\/uploads\/2022\/06\/42AB9496-895E-42FF-A266-C62B64A5AE11.jpeg\" alt class=\"img-responsive wp-image-2027\" srcset=\"https:\/\/arcadianewfs.com\/wp-content\/uploads\/2022\/06\/42AB9496-895E-42FF-A266-C62B64A5AE11-200x300.jpeg 200w, https:\/\/arcadianewfs.com\/wp-content\/uploads\/2022\/06\/42AB9496-895E-42FF-A266-C62B64A5AE11-400x600.jpeg 400w, https:\/\/arcadianewfs.com\/wp-content\/uploads\/2022\/06\/42AB9496-895E-42FF-A266-C62B64A5AE11-600x900.jpeg 600w, https:\/\/arcadianewfs.com\/wp-content\/uploads\/2022\/06\/42AB9496-895E-42FF-A266-C62B64A5AE11.jpeg 640w\" sizes=\"(max-width: 640px) 100vw, 600px\" \/><\/span><\/div><\/div><\/div><style type=\"text\/css\">.fusion-body .fusion-builder-column-1{width:33.333333333333% !important;margin-top : 0px;margin-bottom : 20px;}.fusion-builder-column-1 > .fusion-column-wrapper {padding-top : 0px !important;padding-right : 0px !important;margin-right : 5.76%;padding-bottom : 0px !important;padding-left : 0px !important;margin-left : 5.76%;}@media only screen and (max-width:1024px) {.fusion-body .fusion-builder-column-1{width:33.333333333333% !important;order : 0;}.fusion-builder-column-1 > .fusion-column-wrapper {margin-right : 5.76%;margin-left : 5.76%;}}@media only screen and (max-width:640px) {.fusion-body .fusion-builder-column-1{width:100% !important;order : 0;}.fusion-builder-column-1 > .fusion-column-wrapper {margin-right : 1.92%;margin-left : 1.92%;}}<\/style><\/div><\/div><style type=\"text\/css\">.fusion-body .fusion-flex-container.fusion-builder-row-1{ padding-top : 0px;margin-top : 0px;padding-right : 30px;padding-bottom : 0px;margin-bottom : 0px;padding-left : 30px;}<\/style><\/div>","protected":false},"excerpt":{"rendered":"","protected":false},"author":2,"featured_media":0,"parent":0,"menu_order":0,"comment_status":"closed","ping_status":"closed","template":"100-width.php","meta":{"_monsterinsights_skip_tracking":false,"_monsterinsights_sitenote_active":false,"_monsterinsights_sitenote_note":"","_monsterinsights_sitenote_category":0,"ngg_post_thumbnail":0,"footnotes":""},"class_list":["post-2017","page","type-page","status-publish","hentry"],"_links":{"self":[{"href":"https:\/\/arcadianewfs.com\/fr\/wp-json\/wp\/v2\/pages\/2017","targetHints":{"allow":["GET"]}}],"collection":[{"href":"https:\/\/arcadianewfs.com\/fr\/wp-json\/wp\/v2\/pages"}],"about":[{"href":"https:\/\/arcadianewfs.com\/fr\/wp-json\/wp\/v2\/types\/page"}],"author":[{"embeddable":true,"href":"https:\/\/arcadianewfs.com\/fr\/wp-json\/wp\/v2\/users\/2"}],"replies":[{"embeddable":true,"href":"https:\/\/arcadianewfs.com\/fr\/wp-json\/wp\/v2\/comments?post=2017"}],"version-history":[{"count":11,"href":"https:\/\/arcadianewfs.com\/fr\/wp-json\/wp\/v2\/pages\/2017\/revisions"}],"predecessor-version":[{"id":3702,"href":"https:\/\/arcadianewfs.com\/fr\/wp-json\/wp\/v2\/pages\/2017\/revisions\/3702"}],"wp:attachment":[{"href":"https:\/\/arcadianewfs.com\/fr\/wp-json\/wp\/v2\/media?parent=2017"}],"curies":[{"name":"wp","href":"https:\/\/api.w.org\/{rel}","templated":true}]}}