{"id":2282,"date":"2022-06-16T13:41:35","date_gmt":"2022-06-16T13:41:35","guid":{"rendered":"http:\/\/3.97.68.15\/?page_id=2282"},"modified":"2025-09-23T20:38:02","modified_gmt":"2025-09-23T20:38:02","slug":"faq","status":"publish","type":"page","link":"https:\/\/arcadianewfs.com\/fr\/faq\/","title":{"rendered":"Foire aux questions"},"content":{"rendered":"<div class=\"fusion-fullwidth fullwidth-box fusion-builder-row-1 fusion-flex-container nonhundred-percent-fullwidth non-hundred-percent-height-scrolling\" style=\"background-color: rgba(255,255,255,0);background-position: center center;background-repeat: no-repeat;border-width: 0px 0px 0px 0px;border-color:#e2e2e2;border-style:solid;\" ><div class=\"fusion-builder-row fusion-row fusion-flex-align-items-flex-start\" style=\"max-width:104%;margin-left: calc(-4% \/ 2 );margin-right: calc(-4% \/ 2 );\"><div class=\"fusion-layout-column fusion_builder_column fusion-builder-column-0 fusion_builder_column_1_1 1_1 fusion-flex-column\"><div class=\"fusion-column-wrapper fusion-flex-justify-content-flex-start fusion-content-layout-column\" style=\"background-position:left top;background-repeat:no-repeat;-webkit-background-size:cover;-moz-background-size:cover;-o-background-size:cover;background-size:cover;padding: 0px 0px 0px 0px;\"><\/div><style type=\"text\/css\">.fusion-body .fusion-builder-column-0{width:100% !important;margin-top : 0px;margin-bottom : 20px;}.fusion-builder-column-0 > .fusion-column-wrapper {padding-top : 0px !important;padding-right : 0px !important;margin-right : 1.92%;padding-bottom : 0px !important;padding-left : 0px !important;margin-left : 1.92%;}@media only screen and (max-width:1024px) {.fusion-body .fusion-builder-column-0{width:100% !important;order : 0;}.fusion-builder-column-0 > .fusion-column-wrapper {margin-right : 1.92%;margin-left : 1.92%;}}@media only screen and (max-width:640px) {.fusion-body .fusion-builder-column-0{width:100% !important;order : 0;}.fusion-builder-column-0 > .fusion-column-wrapper {margin-right : 1.92%;margin-left : 1.92%;}}<\/style><\/div><div class=\"fusion-layout-column fusion_builder_column fusion-builder-column-1 fusion_builder_column_1_5 1_5 fusion-flex-column\"><div class=\"fusion-column-wrapper fusion-flex-justify-content-flex-start fusion-content-layout-column\" style=\"background-position:left top;background-repeat:no-repeat;-webkit-background-size:cover;-moz-background-size:cover;-o-background-size:cover;background-size:cover;padding: 0px 0px 0px 0px;\"><\/div><style type=\"text\/css\">.fusion-body .fusion-builder-column-1{width:20% !important;margin-top : 0px;margin-bottom : 20px;}.fusion-builder-column-1 > .fusion-column-wrapper {padding-top : 0px !important;padding-right : 0px !important;margin-right : 9.6%;padding-bottom : 0px !important;padding-left : 0px !important;margin-left : 9.6%;}@media only screen and (max-width:1024px) {.fusion-body .fusion-builder-column-1{width:20% !important;order : 0;}.fusion-builder-column-1 > .fusion-column-wrapper {margin-right : 9.6%;margin-left : 9.6%;}}@media only screen and (max-width:640px) {.fusion-body .fusion-builder-column-1{width:100% !important;order : 0;}.fusion-builder-column-1 > .fusion-column-wrapper {margin-right : 1.92%;margin-left : 1.92%;}}<\/style><\/div><div class=\"fusion-layout-column fusion_builder_column fusion-builder-column-2 fusion_builder_column_3_5 3_5 fusion-flex-column\"><div class=\"fusion-column-wrapper fusion-flex-justify-content-flex-start fusion-content-layout-column\" style=\"background-position:left top;background-repeat:no-repeat;-webkit-background-size:cover;-moz-background-size:cover;-o-background-size:cover;background-size:cover;padding: 0px 0px 0px 0px;\"><style type=\"text\/css\">#accordion-2282-1 .fusion-panel:hover, #accordion-2282-1 .fusion-panel.hover{ background-color: #f9f9fb } #accordion-2282-1 .fusion-panel { border-color:#e2e2e2; border-width:1px; background-color:#ffffff; }.fusion-accordian  #accordion-2282-1 .panel-title a .fa-fusion-box{ color: #ffffff;}.fusion-accordian  #accordion-2282-1 .panel-title a .fa-fusion-box:before{ font-size: 16px; width: 16px;}.fusion-accordian  #accordion-2282-1 .panel-title a{font-size:28px;}.fusion-accordian  #accordion-2282-1 .fa-fusion-box { background-color: #212934;border-color: #212934;}.fusion-accordian  #accordion-2282-1 .panel-title a:hover, #accordion-2282-1 .fusion-toggle-boxed-mode:hover .panel-title a { color: #482861;}.fusion-accordian  #accordion-2282-1 .panel-title .active .fa-fusion-box,.fusion-accordian  #accordion-2282-1 .panel-title a:hover .fa-fusion-box { background-color: #482861!important;border-color: #482861!important;}<\/style><div class=\"accordian fusion-accordian\"><div class=\"panel-group\" id=\"accordion-2282-1\"><div class=\"fusion-panel panel-default fusion-toggle-no-divider fusion-toggle-boxed-mode\"><div class=\"panel-heading\"><h4 class=\"panel-title toggle\"><a aria-expanded=\"false\" aria-controls=\"03f9a77902ea2e3be\" role=\"button\" data-toggle=\"collapse\" data-parent=\"#accordion-2282-1\" data-target=\"#03f9a77902ea2e3be\" href=\"#03f9a77902ea2e3be\"><span class=\"fusion-toggle-icon-wrapper\" aria-hidden=\"true\"><i class=\"fa-fusion-box\" aria-hidden=\"true\"><\/i><\/span><span class=\"fusion-toggle-heading\">Quel est le co\u00fbt d'un chiot?<\/span><\/a><\/h4><\/div><div id=\"03f9a77902ea2e3be\" class=\"panel-collapse collapse\"><div class=\"panel-body toggle-content fusion-clearfix\">\n<p class=\"p1\"><span class=\"s1\">Nous demandons 5000$ taxes incluses. (incluant un d\u00e9pot de 1000$).<\/span><\/p>\n<p class=\"p1\"><span class=\"s1\">Nous demandons un d\u00e9pot de 1000$ uniquement lorsque la port\u00e9e est n\u00e9e et que nous savons qu'il y aura un chiot disponible pour vous.<\/span><\/p>\n<p class=\"p1\"><span class=\"s1\">Le chiots sont vendus \u00e0 un prix fixe ; le prix est non n\u00e9gociable. Tous les profits g\u00e9n\u00e9r\u00e9s sont r\u00e9investis dans notre programme d'\u00e9levage. Le prix est fix\u00e9 de mani\u00e8re \u00e0 nous permettre de continuer de produire des chiots de qualit\u00e9 et en sant\u00e9.<\/span><\/p>\n<p class=\"p1\"><span class=\"s1\">Qu'es-ce qui est inclus avec le chiot ?<\/span><\/p>\n<ul class=\"ul1\">\n<li class=\"li1\"><span class=\"s1\">Enregistrement CKC avec clause de non-reproduction<\/span><\/li>\n<li class=\"li1\"><span class=\"s1\">Micropuc\u00e9<\/span><\/li>\n<li class=\"li1\"><span class=\"s1\">Vu par un v\u00e9t\u00e9rinaire certifi\u00e9<\/span><\/li>\n<li class=\"li1\"><span class=\"s1\">Auscultation cardiaque effectu\u00e9e par un cardiologue v\u00e9t\u00e9rinaire certifi\u00e9 entre 9 et 11 semaines<\/span><\/li>\n<li class=\"li1\"><span class=\"s1\">Vaccins \u00e0 jour selon son \u00e2ge<\/span><\/li>\n<li class=\"li1\"><span class=\"s1\">Vermifuge \u00e0 jour selon son \u00e2ge<\/span><\/li>\n<li class=\"li1\"><span class=\"s1\">Garantie de sant\u00e9 pour hanches, coudes et coeur<\/span><\/li>\n<li class=\"li1\"><span class=\"s1\">Trousse d'informations <\/span><\/li>\n<li class=\"li1\"><span class=\"s1\">4 semaines d'assurance sant\u00e9\/accident gratuite avec TRUPANION<\/span><\/li>\n<li class=\"li1\"><span class=\"s1\">Jouets neufs et utilis\u00e9s avec l'odeur de maman<\/span><\/li>\n<li class=\"li1\"><span class=\"s1\">Sac de nourriture<\/span><\/li>\n<\/ul>\n<\/div><\/div><\/div><div class=\"fusion-panel panel-default fusion-toggle-no-divider fusion-toggle-boxed-mode\"><div class=\"panel-heading\"><h4 class=\"panel-title toggle\"><a aria-expanded=\"false\" aria-controls=\"bea5ae6acff55e862\" role=\"button\" data-toggle=\"collapse\" data-parent=\"#accordion-2282-1\" data-target=\"#bea5ae6acff55e862\" href=\"#bea5ae6acff55e862\"><span class=\"fusion-toggle-icon-wrapper\" aria-hidden=\"true\"><i class=\"fa-fusion-box\" aria-hidden=\"true\"><\/i><\/span><span class=\"fusion-toggle-heading\">Avez-vous une liste d'attente ?<\/span><\/a><\/h4><\/div><div id=\"bea5ae6acff55e862\" class=\"panel-collapse collapse\"><div class=\"panel-body toggle-content fusion-clearfix\">\n<p>Chez Arcadia, nous n'avons pas de liste d'attente officielle avant la naissance des chiots, mais nous ne vendons pas non plus au premier venu.\nLes chiots sont vendus aux familles dont les caract\u00e9ristiques r\u00e9pondent le mieux aux besoins individuels du chiot. Nous recherchons des clients qui prennent le temps de communiquer\navec nous et qui ne sont pas frustr\u00e9s par la lenteur du processus. Notre but premier reste le bien-\u00eatre de nos chiots. <strong>La liste d'attente \"officielle\" est ouverte lorsque les chiots sont n\u00e9s<\/strong>, et nous demandons aux personnes int\u00e9ress\u00e9s de communiquer avec nous sur une base r\u00e9guli\u00e8re pour nous parler de l'\u00e9volution de leur projet d'adoption d'un chiot et simplement pour nous d\u00e9montrer leur niveau d'int\u00e9r\u00eat. <strong>Si plusieurs mois apr\u00e8s un premier contact nous n'avons plus de nouvelles de vous, nous assumerons que vous avez chang\u00e9 d'id\u00e9e.&nbsp;<\/strong><\/p>\n<\/div><\/div><\/div><div class=\"fusion-panel panel-default fusion-toggle-no-divider fusion-toggle-boxed-mode\"><div class=\"panel-heading\"><h4 class=\"panel-title toggle\"><a aria-expanded=\"false\" aria-controls=\"f485ae2e613464261\" role=\"button\" data-toggle=\"collapse\" data-parent=\"#accordion-2282-1\" data-target=\"#f485ae2e613464261\" href=\"#f485ae2e613464261\"><span class=\"fusion-toggle-icon-wrapper\" aria-hidden=\"true\"><i class=\"fa-fusion-box\" aria-hidden=\"true\"><\/i><\/span><span class=\"fusion-toggle-heading\">Quels sont les tests de sant\u00e9 pour un Terre-Neuve ?<\/span><\/a><\/h4><\/div><div id=\"f485ae2e613464261\" class=\"panel-collapse collapse\"><div class=\"panel-body toggle-content fusion-clearfix\">\n<p class=\"p1\"><span class=\"s1\">Tout nos chiens sont test\u00e9s pour :<\/span><\/p>\n<ul class=\"ul1\">\n<li class=\"li1\"><span class=\"s1\">OFA hanches<\/span><\/li>\n<li class=\"li1\"><span class=\"s1\">OFA coudes<\/span><\/li>\n<li class=\"li1\"><span class=\"s1\">OFA cardiaque<\/span><\/li>\n<li class=\"li1\"><span class=\"s1\">OFA patella<\/span><\/li>\n<li class=\"li1\"><span class=\"s1\">OFA yeux<\/span><\/li>\n<li class=\"li1\"><span class=\"s1\">Cystinurie<\/span><\/li>\n<\/ul>\n<p class=\"p1\"><span class=\"s1\">Les r\u00e9sultats des tests de sant\u00e9 de chacun des mes chiens reproducteurs sont facilement accessibles sur le site de l'OFA.<\/span><\/p>\n<\/div><\/div><\/div><div class=\"fusion-panel panel-default fusion-toggle-no-divider fusion-toggle-boxed-mode\"><div class=\"panel-heading\"><h4 class=\"panel-title toggle\"><a aria-expanded=\"false\" aria-controls=\"50e42dadb6785b47b\" role=\"button\" data-toggle=\"collapse\" data-parent=\"#accordion-2282-1\" data-target=\"#50e42dadb6785b47b\" href=\"#50e42dadb6785b47b\"><span class=\"fusion-toggle-icon-wrapper\" aria-hidden=\"true\"><i class=\"fa-fusion-box\" aria-hidden=\"true\"><\/i><\/span><span class=\"fusion-toggle-heading\">Demandez-vous un d\u00e9p\u00f4t ?<\/span><\/a><\/h4><\/div><div id=\"50e42dadb6785b47b\" class=\"panel-collapse collapse\"><div class=\"panel-body toggle-content fusion-clearfix\">\n<p>Nous demandons un d\u00e9p\u00f4t non-remboursable de 1000$ uniquement lorsque nous sommes s\u00fbr que vous aurez un chiot dans la port\u00e9e actuelle<\/p>\n<\/div><\/div><\/div><div class=\"fusion-panel panel-default fusion-toggle-no-divider fusion-toggle-boxed-mode\"><div class=\"panel-heading\"><h4 class=\"panel-title toggle\"><a aria-expanded=\"false\" aria-controls=\"79b3cf2bd98fd1f33\" role=\"button\" data-toggle=\"collapse\" data-parent=\"#accordion-2282-1\" data-target=\"#79b3cf2bd98fd1f33\" href=\"#79b3cf2bd98fd1f33\"><span class=\"fusion-toggle-icon-wrapper\" aria-hidden=\"true\"><i class=\"fa-fusion-box\" aria-hidden=\"true\"><\/i><\/span><span class=\"fusion-toggle-heading\">Quelle taille de Terre-Neuve produisez-vous ?<\/span><\/a><\/h4><\/div><div id=\"79b3cf2bd98fd1f33\" class=\"panel-collapse collapse\"><div class=\"panel-body toggle-content fusion-clearfix\">\n<p>Le standard du Terre-Neuve du CKC mentionne une hauteur au garrots de 26 pouces pour une femelle et de 28 pouces pour un male.\nComme il s'agit simplement d'une moyenne, nous produisons des chiens adultes qui sont en dessous et au dessus de cette limite.\nIl est extr\u00eamement difficile pour un \u00e9leveur de savoir quel sera le poids et la taille d'un chien une fois adulte.\nMalgr\u00e9 notre connaissance approfondie des lign\u00e9es, la g\u00e9n\u00e9tique et le hasard nous r\u00e9servent souvent des surprises.\nCeci \u00e9tant dit, notre but n'est pas de produire de chiens gros ou petits, mais bien des chiens en sant\u00e9 et bien typ\u00e9s.<\/p>\n<\/div><\/div><\/div><div class=\"fusion-panel panel-default fusion-toggle-no-divider fusion-toggle-boxed-mode\"><div class=\"panel-heading\"><h4 class=\"panel-title toggle\"><a aria-expanded=\"false\" aria-controls=\"6a97d9198180cd157\" role=\"button\" data-toggle=\"collapse\" data-parent=\"#accordion-2282-1\" data-target=\"#6a97d9198180cd157\" href=\"#6a97d9198180cd157\"><span class=\"fusion-toggle-icon-wrapper\" aria-hidden=\"true\"><i class=\"fa-fusion-box\" aria-hidden=\"true\"><\/i><\/span><span class=\"fusion-toggle-heading\">Quelles couleurs de Terre-Neuves produisez-vous ?<\/span><\/a><\/h4><\/div><div id=\"6a97d9198180cd157\" class=\"panel-collapse collapse\"><div class=\"panel-body toggle-content fusion-clearfix\">\n<p>Les deux seules couleur de Terre-Neuve accept\u00e9es au Canada sont noir et noir-et-blanc. Nous ne produisons que ces deux couleurs. Nos chiens sont test\u00e9s par ADN pour \u00e9viter de produire des chiots bruns ou gris.<\/p>\n<\/div><\/div><\/div><div class=\"fusion-panel panel-default fusion-toggle-no-divider fusion-toggle-boxed-mode\"><div class=\"panel-heading\"><h4 class=\"panel-title toggle\"><a aria-expanded=\"false\" aria-controls=\"37fbccdcb0e5a72a6\" role=\"button\" data-toggle=\"collapse\" data-parent=\"#accordion-2282-1\" data-target=\"#37fbccdcb0e5a72a6\" href=\"#37fbccdcb0e5a72a6\"><span class=\"fusion-toggle-icon-wrapper\" aria-hidden=\"true\"><i class=\"fa-fusion-box\" aria-hidden=\"true\"><\/i><\/span><span class=\"fusion-toggle-heading\">Pouvons-nous visiter votre \u00e9levage ?<\/span><\/a><\/h4><\/div><div id=\"37fbccdcb0e5a72a6\" class=\"panel-collapse collapse\"><div class=\"panel-body toggle-content fusion-clearfix\">\n<p>Il est possible de visiter mais SEULEMENT lorsque nous avons une port\u00e9e et que la p\u00e9riode \u00e0 risque est termin\u00e9es (en haut de 6 semaines). Lorsque le temps est propice, communiquez-nous votre int\u00e9r\u00eat et nous pourrons planifier une visite.<\/p>\n<\/div><\/div><\/div><div class=\"fusion-panel panel-default fusion-toggle-no-divider fusion-toggle-boxed-mode\"><div class=\"panel-heading\"><h4 class=\"panel-title toggle\"><a aria-expanded=\"false\" aria-controls=\"31495280b8f435cb7\" role=\"button\" data-toggle=\"collapse\" data-parent=\"#accordion-2282-1\" data-target=\"#31495280b8f435cb7\" href=\"#31495280b8f435cb7\"><span class=\"fusion-toggle-icon-wrapper\" aria-hidden=\"true\"><i class=\"fa-fusion-box\" aria-hidden=\"true\"><\/i><\/span><span class=\"fusion-toggle-heading\">Comment nourrissez-vous vos Terre-Neuves ?<\/span><\/a><\/h4><\/div><div id=\"31495280b8f435cb7\" class=\"panel-collapse collapse\"><div class=\"panel-body toggle-content fusion-clearfix\">\n<p>Nos chiens mangent de la nourriture Inukshuk et Proplan 30\/20<\/p>\n<\/div><\/div><\/div><div class=\"fusion-panel panel-default fusion-toggle-no-divider fusion-toggle-boxed-mode\"><div class=\"panel-heading\"><h4 class=\"panel-title toggle\"><a aria-expanded=\"false\" aria-controls=\"ae8001108f62a2671\" role=\"button\" data-toggle=\"collapse\" data-parent=\"#accordion-2282-1\" data-target=\"#ae8001108f62a2671\" href=\"#ae8001108f62a2671\"><span class=\"fusion-toggle-icon-wrapper\" aria-hidden=\"true\"><i class=\"fa-fusion-box\" aria-hidden=\"true\"><\/i><\/span><span class=\"fusion-toggle-heading\">Exp\u00e9diez-vous vos chiots ?<\/span><\/a><\/h4><\/div><div id=\"ae8001108f62a2671\" class=\"panel-collapse collapse\"><div class=\"panel-body toggle-content fusion-clearfix\">\n<p>Il nous fera plaisir de nous occuper de l'achat d'une cage de transport (\u00e0 vos frais!) et de transporter le chiot \u00e0 l'a\u00e9roport moyennant un frais raisonnable (ceci n'est pas inclus dans le prix d'achat du chiot). Toutefois, il est de la responsabilit\u00e9 de l'acheteur de planifier et payer le vol et de s'assurer que nous avons tous les documents n\u00e9cessaire pour le vol (certificats de sant\u00e9, etc.).&nbsp;<\/p>\n<\/div><\/div><\/div><\/div><\/div><\/div><style type=\"text\/css\">.fusion-body .fusion-builder-column-2{width:60% !important;margin-top : 0px;margin-bottom : 20px;}.fusion-builder-column-2 > .fusion-column-wrapper {padding-top : 0px !important;padding-right : 0px !important;margin-right : 3.2%;padding-bottom : 0px !important;padding-left : 0px !important;margin-left : 3.2%;}@media only screen and (max-width:1024px) {.fusion-body .fusion-builder-column-2{width:60% !important;order : 0;}.fusion-builder-column-2 > .fusion-column-wrapper {margin-right : 3.2%;margin-left : 3.2%;}}@media only screen and (max-width:640px) {.fusion-body .fusion-builder-column-2{width:100% !important;order : 0;}.fusion-builder-column-2 > .fusion-column-wrapper {margin-right : 1.92%;margin-left : 1.92%;}}<\/style><\/div><div class=\"fusion-layout-column fusion_builder_column fusion-builder-column-3 fusion_builder_column_1_5 1_5 fusion-flex-column\"><div class=\"fusion-column-wrapper fusion-flex-justify-content-flex-start fusion-content-layout-column\" style=\"background-position:left top;background-repeat:no-repeat;-webkit-background-size:cover;-moz-background-size:cover;-o-background-size:cover;background-size:cover;padding: 0px 0px 0px 0px;\"><\/div><style type=\"text\/css\">.fusion-body .fusion-builder-column-3{width:20% !important;margin-top : 0px;margin-bottom : 20px;}.fusion-builder-column-3 > .fusion-column-wrapper {padding-top : 0px !important;padding-right : 0px !important;margin-right : 9.6%;padding-bottom : 0px !important;padding-left : 0px !important;margin-left : 9.6%;}@media only screen and (max-width:1024px) {.fusion-body .fusion-builder-column-3{width:20% !important;order : 0;}.fusion-builder-column-3 > .fusion-column-wrapper {margin-right : 9.6%;margin-left : 9.6%;}}@media only screen and (max-width:640px) {.fusion-body .fusion-builder-column-3{width:100% !important;order : 0;}.fusion-builder-column-3 > .fusion-column-wrapper {margin-right : 1.92%;margin-left : 1.92%;}}<\/style><\/div><\/div><style type=\"text\/css\">.fusion-body .fusion-flex-container.fusion-builder-row-1{ padding-top : 0px;margin-top : 0px;padding-right : 30px;padding-bottom : 0px;margin-bottom : 0px;padding-left : 30px;}<\/style><\/div>","protected":false},"excerpt":{"rendered":"","protected":false},"author":2,"featured_media":0,"parent":0,"menu_order":0,"comment_status":"closed","ping_status":"closed","template":"","meta":{"_monsterinsights_skip_tracking":false,"_monsterinsights_sitenote_active":false,"_monsterinsights_sitenote_note":"","_monsterinsights_sitenote_category":0,"ngg_post_thumbnail":0,"footnotes":""},"class_list":["post-2282","page","type-page","status-publish","hentry"],"_links":{"self":[{"href":"https:\/\/arcadianewfs.com\/fr\/wp-json\/wp\/v2\/pages\/2282","targetHints":{"allow":["GET"]}}],"collection":[{"href":"https:\/\/arcadianewfs.com\/fr\/wp-json\/wp\/v2\/pages"}],"about":[{"href":"https:\/\/arcadianewfs.com\/fr\/wp-json\/wp\/v2\/types\/page"}],"author":[{"embeddable":true,"href":"https:\/\/arcadianewfs.com\/fr\/wp-json\/wp\/v2\/users\/2"}],"replies":[{"embeddable":true,"href":"https:\/\/arcadianewfs.com\/fr\/wp-json\/wp\/v2\/comments?post=2282"}],"version-history":[{"count":21,"href":"https:\/\/arcadianewfs.com\/fr\/wp-json\/wp\/v2\/pages\/2282\/revisions"}],"predecessor-version":[{"id":4132,"href":"https:\/\/arcadianewfs.com\/fr\/wp-json\/wp\/v2\/pages\/2282\/revisions\/4132"}],"wp:attachment":[{"href":"https:\/\/arcadianewfs.com\/fr\/wp-json\/wp\/v2\/media?parent=2282"}],"curies":[{"name":"wp","href":"https:\/\/api.w.org\/{rel}","templated":true}]}}